{"id":27,"date":"2025-02-18T17:17:05","date_gmt":"2025-02-18T17:17:05","guid":{"rendered":"https:\/\/hoppel-dach.at\/?page_id=27"},"modified":"2025-06-24T08:36:11","modified_gmt":"2025-06-24T08:36:11","slug":"ueber-uns","status":"publish","type":"page","link":"https:\/\/hoppel-dach.at\/index.php\/ueber-uns\/","title":{"rendered":"\u00dcber uns"},"content":{"rendered":"\t\t<div data-elementor-type=\"wp-page\" data-elementor-id=\"27\" class=\"elementor elementor-27\" data-elementor-post-type=\"page\">\n\t\t\t\t<div class=\"elementor-element elementor-element-2dcdf18 e-flex e-con-boxed elementor-invisible e-con e-parent\" data-id=\"2dcdf18\" data-element_type=\"container\" data-settings=\"{&quot;animation&quot;:&quot;fadeIn&quot;,&quot;animation_delay&quot;:400}\">\n\t\t\t\t\t<div class=\"e-con-inner\">\n\t\t<div class=\"elementor-element elementor-element-d6c4165 e-con-full e-flex e-con e-child\" data-id=\"d6c4165\" data-element_type=\"container\">\n\t\t\t\t<div class=\"elementor-element elementor-element-dd8a65b elementor-widget elementor-widget-heading\" data-id=\"dd8a65b\" data-element_type=\"widget\" data-widget_type=\"heading.default\">\n\t\t\t\t<div class=\"elementor-widget-container\">\n\t\t\t\t\t<h2 class=\"elementor-heading-title elementor-size-default\">Lernen Sie uns kennen!<\/h2>\t\t\t\t<\/div>\n\t\t\t\t<\/div>\n\t\t\t\t<div class=\"elementor-element elementor-element-0a1190d elementor-widget elementor-widget-text-editor\" data-id=\"0a1190d\" data-element_type=\"widget\" data-widget_type=\"text-editor.default\">\n\t\t\t\t<div class=\"elementor-widget-container\">\n\t\t\t\t\t\t\t\t\t<p data-start=\"16\" data-end=\"114\">Willkommen bei Hoppel Dach &amp; Fassaden GmbH &#8211; Ihrem traditionsbewussten Partner f\u00fcr Dachdeckerei und Spenglerei!<\/p><p data-start=\"116\" data-end=\"497\">Unser Handwerk ist mehr als ein Beruf \u2013 es ist unsere Leidenschaft, die seit Generationen weitergegeben wird. Mit jahrelanger Erfahrung und einem Gesp\u00fcr f\u00fcr Qualit\u00e4t sorgen wir f\u00fcr langlebige, sichere und \u00e4sthetische D\u00e4cher. Ob Neueindeckung, Reparatur oder ma\u00dfgefertigte Spenglerarbeiten \u2013 wir verbinden traditionelles Wissen mit modernen Techniken und hochwertigen Materialien.<\/p><p data-start=\"499\" data-end=\"618\" data-is-last-node=\"\" data-is-only-node=\"\">Verl\u00e4sslichkeit, Pr\u00e4zision und Handschlagqualit\u00e4t \u2013 daf\u00fcr stehen wir seit Generationen. Vertrauen Sie auf unser K\u00f6nnen!<\/p>\t\t\t\t\t\t\t\t<\/div>\n\t\t\t\t<\/div>\n\t\t\t\t<\/div>\n\t\t<div class=\"elementor-element elementor-element-ec52597 e-con-full e-flex e-con e-child\" data-id=\"ec52597\" data-element_type=\"container\" data-settings=\"{&quot;background_background&quot;:&quot;video&quot;,&quot;background_video_link&quot;:&quot;https:\\\/\\\/www.youtube.com\\\/watch?v=gLMtl1rIYn0&quot;}\">\n\t\t<div class=\"elementor-background-video-container elementor-hidden-mobile\">\n\t\t\t\t\t\t\t<div class=\"elementor-background-video-embed\"><\/div>\n\t\t\t\t\t\t<\/div>\t\t<\/div>\n\t\t\t\t\t<\/div>\n\t\t\t\t<\/div>\n\t\t<div class=\"elementor-element elementor-element-cdc199e e-flex e-con-boxed elementor-invisible e-con e-parent\" data-id=\"cdc199e\" data-element_type=\"container\" data-settings=\"{&quot;background_background&quot;:&quot;classic&quot;,&quot;animation&quot;:&quot;fadeIn&quot;,&quot;animation_delay&quot;:650}\">\n\t\t\t\t\t<div class=\"e-con-inner\">\n\t\t\t\t<div class=\"elementor-element elementor-element-db6bacb elementor-widget elementor-widget-heading\" data-id=\"db6bacb\" data-element_type=\"widget\" data-widget_type=\"heading.default\">\n\t\t\t\t<div class=\"elementor-widget-container\">\n\t\t\t\t\t<h2 class=\"elementor-heading-title elementor-size-default\">GESCH\u00c4FTSF\u00dcHRUNG<\/h2>\t\t\t\t<\/div>\n\t\t\t\t<\/div>\n\t\t\t\t<div class=\"elementor-element elementor-element-956fc59 elementor-grid-3 elementor-grid-tablet-2 elementor-grid-mobile-1 elementor-widget elementor-widget-loop-grid\" data-id=\"956fc59\" data-element_type=\"widget\" data-settings=\"{&quot;template_id&quot;:&quot;550&quot;,&quot;_skin&quot;:&quot;post&quot;,&quot;columns&quot;:&quot;3&quot;,&quot;columns_tablet&quot;:&quot;2&quot;,&quot;columns_mobile&quot;:&quot;1&quot;,&quot;edit_handle_selector&quot;:&quot;[data-elementor-type=\\&quot;loop-item\\&quot;]&quot;,&quot;row_gap&quot;:{&quot;unit&quot;:&quot;px&quot;,&quot;size&quot;:&quot;&quot;,&quot;sizes&quot;:[]},&quot;row_gap_tablet&quot;:{&quot;unit&quot;:&quot;px&quot;,&quot;size&quot;:&quot;&quot;,&quot;sizes&quot;:[]},&quot;row_gap_mobile&quot;:{&quot;unit&quot;:&quot;px&quot;,&quot;size&quot;:&quot;&quot;,&quot;sizes&quot;:[]}}\" data-widget_type=\"loop-grid.post\">\n\t\t\t\t<div class=\"elementor-widget-container\">\n\t\t\t\t\t\t\t<div class=\"elementor-loop-container elementor-grid\">\n\t\t<style id=\"loop-550\">.elementor-550 .elementor-element.elementor-element-93ba9de{--display:flex;--flex-direction:column;--container-widget-width:100%;--container-widget-height:initial;--container-widget-flex-grow:0;--container-widget-align-self:initial;--flex-wrap-mobile:wrap;--border-radius:10px 10px 10px 10px;}.elementor-550 .elementor-element.elementor-element-93ba9de:not(.elementor-motion-effects-element-type-background), .elementor-550 .elementor-element.elementor-element-93ba9de > .elementor-motion-effects-container > .elementor-motion-effects-layer{background-color:var( --e-global-color-d089a1c );}.elementor-widget-image .widget-image-caption{color:var( --e-global-color-text );font-family:var( --e-global-typography-text-font-family ), Sans-serif;font-weight:var( --e-global-typography-text-font-weight );}.elementor-550 .elementor-element.elementor-element-1545008:not( .elementor-widget-image ) .elementor-widget-container{-webkit-mask-image:url( https:\/\/hoppel-dach.at\/wp-content\/plugins\/elementor\/assets\/\/mask-shapes\/circle.svg );-webkit-mask-size:contain;-webkit-mask-position:center center;-webkit-mask-repeat:no-repeat;}.elementor-550 .elementor-element.elementor-element-1545008.elementor-widget-image .elementor-widget-container img{-webkit-mask-image:url( https:\/\/hoppel-dach.at\/wp-content\/plugins\/elementor\/assets\/\/mask-shapes\/circle.svg );-webkit-mask-size:contain;-webkit-mask-position:center center;-webkit-mask-repeat:no-repeat;}.elementor-widget-heading .elementor-heading-title{font-family:var( --e-global-typography-primary-font-family ), Sans-serif;font-weight:var( --e-global-typography-primary-font-weight );color:var( --e-global-color-primary );}.elementor-550 .elementor-element.elementor-element-243e857{text-align:center;}.elementor-550 .elementor-element.elementor-element-243e857 .elementor-heading-title{color:var( --e-global-color-secondary );}<\/style>\t\t<div data-elementor-type=\"loop-item\" data-elementor-id=\"550\" class=\"elementor elementor-550 e-loop-item e-loop-item-556 post-556 mitarbeiter type-mitarbeiter status-publish hentry\" data-elementor-post-type=\"elementor_library\" data-custom-edit-handle=\"1\">\n\t\t\t<div class=\"elementor-element elementor-element-93ba9de e-flex e-con-boxed e-con e-parent\" data-id=\"93ba9de\" data-element_type=\"container\" data-settings=\"{&quot;background_background&quot;:&quot;classic&quot;}\">\n\t\t\t\t\t<div class=\"e-con-inner\">\n\t\t\t\t<div class=\"elementor-element elementor-element-243e857 elementor-widget elementor-widget-heading\" data-id=\"243e857\" data-element_type=\"widget\" data-widget_type=\"heading.default\">\n\t\t\t\t<div class=\"elementor-widget-container\">\n\t\t\t\t\t<h3 class=\"elementor-heading-title elementor-size-default\">Gerald Hoppel<\/h3>\t\t\t\t<\/div>\n\t\t\t\t<\/div>\n\t\t\t\t\t<\/div>\n\t\t\t\t<\/div>\n\t\t\t\t<\/div>\n\t\t\t\t<div data-elementor-type=\"loop-item\" data-elementor-id=\"550\" class=\"elementor elementor-550 e-loop-item e-loop-item-585 post-585 mitarbeiter type-mitarbeiter status-publish hentry\" data-elementor-post-type=\"elementor_library\" data-custom-edit-handle=\"1\">\n\t\t\t<div class=\"elementor-element elementor-element-93ba9de e-flex e-con-boxed e-con e-parent\" data-id=\"93ba9de\" data-element_type=\"container\" data-settings=\"{&quot;background_background&quot;:&quot;classic&quot;}\">\n\t\t\t\t\t<div class=\"e-con-inner\">\n\t\t\t\t<div class=\"elementor-element elementor-element-243e857 elementor-widget elementor-widget-heading\" data-id=\"243e857\" data-element_type=\"widget\" data-widget_type=\"heading.default\">\n\t\t\t\t<div class=\"elementor-widget-container\">\n\t\t\t\t\t<h3 class=\"elementor-heading-title elementor-size-default\">Katrin Weber<\/h3>\t\t\t\t<\/div>\n\t\t\t\t<\/div>\n\t\t\t\t\t<\/div>\n\t\t\t\t<\/div>\n\t\t\t\t<\/div>\n\t\t\t\t<\/div>\n\t\t\n\t\t\t\t\t\t<\/div>\n\t\t\t\t<\/div>\n\t\t\t\t\t<\/div>\n\t\t\t\t<\/div>\n\t\t<div class=\"elementor-element elementor-element-4a20fd0 e-flex e-con-boxed elementor-invisible e-con e-parent\" data-id=\"4a20fd0\" data-element_type=\"container\" data-settings=\"{&quot;animation&quot;:&quot;fadeIn&quot;,&quot;animation_delay&quot;:900}\">\n\t\t\t\t\t<div class=\"e-con-inner\">\n\t\t\t\t<div class=\"elementor-element elementor-element-2efb10c elementor-widget elementor-widget-heading\" data-id=\"2efb10c\" data-element_type=\"widget\" data-widget_type=\"heading.default\">\n\t\t\t\t<div class=\"elementor-widget-container\">\n\t\t\t\t\t<h2 class=\"elementor-heading-title elementor-size-default\">TEAM<\/h2>\t\t\t\t<\/div>\n\t\t\t\t<\/div>\n\t\t\t\t<div class=\"elementor-element elementor-element-815f5af elementor-grid-1 elementor-grid-tablet-2 elementor-grid-mobile-1 elementor-widget elementor-widget-loop-grid\" data-id=\"815f5af\" data-element_type=\"widget\" data-settings=\"{&quot;template_id&quot;:&quot;735&quot;,&quot;columns&quot;:1,&quot;_skin&quot;:&quot;post&quot;,&quot;columns_tablet&quot;:&quot;2&quot;,&quot;columns_mobile&quot;:&quot;1&quot;,&quot;edit_handle_selector&quot;:&quot;[data-elementor-type=\\&quot;loop-item\\&quot;]&quot;,&quot;row_gap&quot;:{&quot;unit&quot;:&quot;px&quot;,&quot;size&quot;:&quot;&quot;,&quot;sizes&quot;:[]},&quot;row_gap_tablet&quot;:{&quot;unit&quot;:&quot;px&quot;,&quot;size&quot;:&quot;&quot;,&quot;sizes&quot;:[]},&quot;row_gap_mobile&quot;:{&quot;unit&quot;:&quot;px&quot;,&quot;size&quot;:&quot;&quot;,&quot;sizes&quot;:[]}}\" data-widget_type=\"loop-grid.post\">\n\t\t\t\t<div class=\"elementor-widget-container\">\n\t\t\t\t\t\t\t<div class=\"elementor-loop-container elementor-grid\">\n\t\t<style id=\"loop-735\">.elementor-735 .elementor-element.elementor-element-fddbc05{--display:flex;--flex-direction:column;--container-widget-width:100%;--container-widget-height:initial;--container-widget-flex-grow:0;--container-widget-align-self:initial;--flex-wrap-mobile:wrap;}.elementor-widget-image .widget-image-caption{color:var( --e-global-color-text );font-family:var( --e-global-typography-text-font-family ), Sans-serif;font-weight:var( --e-global-typography-text-font-weight );}<\/style>\t\t<div data-elementor-type=\"loop-item\" data-elementor-id=\"735\" class=\"elementor elementor-735 e-loop-item e-loop-item-715 post-715 gruppenfoto type-gruppenfoto status-publish has-post-thumbnail hentry\" data-elementor-post-type=\"elementor_library\" data-custom-edit-handle=\"1\">\n\t\t\t<div class=\"elementor-element elementor-element-fddbc05 e-flex e-con-boxed e-con e-parent\" data-id=\"fddbc05\" data-element_type=\"container\">\n\t\t\t\t\t<div class=\"e-con-inner\">\n\t\t\t\t<div class=\"elementor-element elementor-element-5e03813 elementor-widget elementor-widget-image\" data-id=\"5e03813\" data-element_type=\"widget\" data-widget_type=\"image.default\">\n\t\t\t\t<div class=\"elementor-widget-container\">\n\t\t\t\t\t\t\t\t\t\t\t\t\t\t\t<img fetchpriority=\"high\" decoding=\"async\" width=\"800\" height=\"533\" src=\"https:\/\/hoppel-dach.at\/wp-content\/uploads\/2025\/04\/team-4529717_1280-1024x682.jpg\" class=\"attachment-large size-large wp-image-716\" alt=\"\" srcset=\"https:\/\/hoppel-dach.at\/wp-content\/uploads\/2025\/04\/team-4529717_1280-1024x682.jpg 1024w, https:\/\/hoppel-dach.at\/wp-content\/uploads\/2025\/04\/team-4529717_1280-300x200.jpg 300w, https:\/\/hoppel-dach.at\/wp-content\/uploads\/2025\/04\/team-4529717_1280-768x512.jpg 768w, https:\/\/hoppel-dach.at\/wp-content\/uploads\/2025\/04\/team-4529717_1280.jpg 1280w\" sizes=\"(max-width: 800px) 100vw, 800px\" \/>\t\t\t\t\t\t\t\t\t\t\t\t\t\t\t<\/div>\n\t\t\t\t<\/div>\n\t\t\t\t\t<\/div>\n\t\t\t\t<\/div>\n\t\t\t\t<\/div>\n\t\t\t\t<\/div>\n\t\t\n\t\t\t\t\t\t<\/div>\n\t\t\t\t<\/div>\n\t\t\t\t\t<\/div>\n\t\t\t\t<\/div>\n\t\t\t\t<\/div>\n\t\t","protected":false},"excerpt":{"rendered":"<p>Lernen Sie uns kennen! Willkommen bei Hoppel Dach &amp; Fassaden GmbH &#8211; Ihrem traditionsbewussten Partner f\u00fcr Dachdeckerei und Spenglerei! Unser Handwerk ist mehr als ein Beruf \u2013 es ist unsere Leidenschaft, die seit Generationen weitergegeben wird. Mit jahrelanger Erfahrung und einem Gesp\u00fcr f\u00fcr Qualit\u00e4t sorgen wir f\u00fcr langlebige, sichere und \u00e4sthetische D\u00e4cher. Ob Neueindeckung, Reparatur [&hellip;]<\/p>\n","protected":false},"author":1,"featured_media":0,"parent":0,"menu_order":0,"comment_status":"closed","ping_status":"closed","template":"","meta":{"footnotes":""},"class_list":["post-27","page","type-page","status-publish","hentry"],"_links":{"self":[{"href":"https:\/\/hoppel-dach.at\/index.php\/wp-json\/wp\/v2\/pages\/27","targetHints":{"allow":["GET"]}}],"collection":[{"href":"https:\/\/hoppel-dach.at\/index.php\/wp-json\/wp\/v2\/pages"}],"about":[{"href":"https:\/\/hoppel-dach.at\/index.php\/wp-json\/wp\/v2\/types\/page"}],"author":[{"embeddable":true,"href":"https:\/\/hoppel-dach.at\/index.php\/wp-json\/wp\/v2\/users\/1"}],"replies":[{"embeddable":true,"href":"https:\/\/hoppel-dach.at\/index.php\/wp-json\/wp\/v2\/comments?post=27"}],"version-history":[{"count":115,"href":"https:\/\/hoppel-dach.at\/index.php\/wp-json\/wp\/v2\/pages\/27\/revisions"}],"predecessor-version":[{"id":1027,"href":"https:\/\/hoppel-dach.at\/index.php\/wp-json\/wp\/v2\/pages\/27\/revisions\/1027"}],"wp:attachment":[{"href":"https:\/\/hoppel-dach.at\/index.php\/wp-json\/wp\/v2\/media?parent=27"}],"curies":[{"name":"wp","href":"https:\/\/api.w.org\/{rel}","templated":true}]}}